{"id":1683,"date":"2025-12-15T16:11:00","date_gmt":"2025-12-15T22:11:00","guid":{"rendered":"https:\/\/naminamibakery.com\/?page_id=1683"},"modified":"2026-02-10T21:16:02","modified_gmt":"2026-02-11T03:16:02","slug":"politica-de-reembolsos-devoluciones-y-reprogramaciones","status":"publish","type":"page","link":"https:\/\/naminamibakery.com\/en\/politica-de-reembolsos-devoluciones-y-reprogramaciones\/","title":{"rendered":"Refund, Return and Rescheduling Policy"},"content":{"rendered":"\t\t<div data-elementor-type=\"wp-page\" data-elementor-id=\"1683\" class=\"elementor elementor-1683\" data-elementor-post-type=\"page\">\n\t\t\t\t<div class=\"elementor-element elementor-element-fe0fda5 e-flex e-con-boxed e-con e-parent\" data-id=\"fe0fda5\" data-element_type=\"container\" data-e-type=\"container\">\n\t\t\t\t\t<div class=\"e-con-inner\">\n\t\t\t\t<div class=\"elementor-element elementor-element-7ce3999 elementor-widget elementor-widget-heading\" data-id=\"7ce3999\" data-element_type=\"widget\" data-e-type=\"widget\" data-widget_type=\"heading.default\">\n\t\t\t\t<div class=\"elementor-widget-container\">\n\t\t\t\t\t<h2 class=\"elementor-heading-title elementor-size-default\">Pol\u00edtica de Reembolsos, Devoluciones y Reprogramaciones<\/h2>\t\t\t\t<\/div>\n\t\t\t\t<\/div>\n\t\t\t\t<div class=\"elementor-element elementor-element-9b4010c elementor-widget elementor-widget-text-editor\" data-id=\"9b4010c\" data-element_type=\"widget\" data-e-type=\"widget\" data-widget_type=\"text-editor.default\">\n\t\t\t\t<div class=\"elementor-widget-container\">\n\t\t\t\t\t\t\t\t\t<p data-start=\"296\" data-end=\"475\"><strong data-start=\"296\" data-end=\"337\">VERSI\u00d3N LEGAL \u2013 LEY DE ESTADOS UNIDOS<\/strong><br data-start=\"337\" data-end=\"340\" \/><br data-start=\"430\" data-end=\"433\" \/><strong data-start=\"433\" data-end=\"458\">\u00daltima actualizaci\u00f3n:<\/strong> [Insertar fecha]<br \/><br \/><\/p><h5 data-start=\"482\" data-end=\"519\">1. Anticipos y Requisitos de Pago<\/h5><ul data-start=\"520\" data-end=\"970\"><li data-start=\"520\" data-end=\"611\"><p data-start=\"522\" data-end=\"611\">Los pasteles personalizados requieren un <strong data-start=\"563\" data-end=\"583\">anticipo del 70%<\/strong> para iniciar la producci\u00f3n.<\/p><\/li><li data-start=\"612\" data-end=\"745\"><p data-start=\"614\" data-end=\"745\">Dicho anticipo <strong data-start=\"629\" data-end=\"651\">no es reembolsable<\/strong>, salvo que la cancelaci\u00f3n se realice dentro de las <strong data-start=\"703\" data-end=\"744\">primeras 12 horas posteriores al pago<\/strong>.<\/p><\/li><li data-start=\"746\" data-end=\"868\"><p data-start=\"748\" data-end=\"868\">El anticipo cubre costos de ingredientes, materiales de dise\u00f1o, asignaci\u00f3n de mano de obra y programaci\u00f3n de producci\u00f3n.<\/p><\/li><li data-start=\"869\" data-end=\"970\"><p data-start=\"871\" data-end=\"970\">El <strong data-start=\"874\" data-end=\"900\">saldo restante del 30%<\/strong> deber\u00e1 liquidarse <strong data-start=\"919\" data-end=\"956\">antes de la entrega o recolecci\u00f3n<\/strong> del producto.<\/p><\/li><\/ul><h5 data-start=\"977\" data-end=\"997\"><br \/>2. Cancelaciones<\/h5><ul data-start=\"998\" data-end=\"1352\"><li data-start=\"998\" data-end=\"1137\"><p data-start=\"1000\" data-end=\"1137\">Las cancelaciones realizadas <strong data-start=\"1029\" data-end=\"1065\">despu\u00e9s de las primeras 12 horas<\/strong> a partir del pago inicial <strong data-start=\"1092\" data-end=\"1136\">no ser\u00e1n elegibles para reembolso alguno<\/strong>.<\/p><\/li><li data-start=\"1138\" data-end=\"1352\"><p data-start=\"1140\" data-end=\"1352\">Los pedidos que requieran decoraciones especiales, toppers, moldes o accesorios fabricados a medida <strong data-start=\"1240\" data-end=\"1264\">no podr\u00e1n cancelarse<\/strong> una vez que dichos materiales hayan sido adquiridos o que la producci\u00f3n haya comenzado.<\/p><\/li><\/ul><h5 data-start=\"1359\" data-end=\"1392\"><br \/>3. Cambios y Reprogramaciones<\/h5><ul data-start=\"1393\" data-end=\"1908\"><li data-start=\"1393\" data-end=\"1559\"><p data-start=\"1395\" data-end=\"1559\">Las solicitudes de cambios en dise\u00f1o, tama\u00f1o, sabor o personalizaci\u00f3n deber\u00e1n realizarse <strong data-start=\"1484\" data-end=\"1519\">dentro de las primeras 12 horas<\/strong> posteriores a la colocaci\u00f3n del pedido.<\/p><\/li><li data-start=\"1560\" data-end=\"1671\"><p data-start=\"1562\" data-end=\"1671\">Las modificaciones solicitadas despu\u00e9s de este plazo <strong data-start=\"1615\" data-end=\"1670\">no se garantizan ni est\u00e1n obligadas a ser aceptadas<\/strong>.<\/p><\/li><li data-start=\"1672\" data-end=\"1784\"><p data-start=\"1674\" data-end=\"1784\">La reprogramaci\u00f3n de pedidos ser\u00e1 permitida siempre que se solicite con <strong data-start=\"1746\" data-end=\"1783\">al menos 24 horas de anticipaci\u00f3n<\/strong>.<\/p><\/li><li data-start=\"1785\" data-end=\"1908\"><p data-start=\"1787\" data-end=\"1908\">Las solicitudes realizadas fuera de este plazo <strong data-start=\"1834\" data-end=\"1861\">no podr\u00e1n ser atendidas<\/strong> debido a la log\u00edstica de producci\u00f3n y entrega.<\/p><\/li><\/ul><h5 data-start=\"1915\" data-end=\"1958\"><br \/>4. Pedidos Urgentes (Menos de 24 Horas)<\/h5><ul data-start=\"1959\" data-end=\"2200\"><li data-start=\"1959\" data-end=\"2072\"><p data-start=\"1961\" data-end=\"2072\">Los pedidos realizados con <strong data-start=\"1988\" data-end=\"2025\">menos de 24 horas de anticipaci\u00f3n<\/strong> requieren el <strong data-start=\"2039\" data-end=\"2071\">pago del 100% por adelantado<\/strong>.<\/p><\/li><li data-start=\"2073\" data-end=\"2200\"><p data-start=\"2075\" data-end=\"2200\">Dichos pedidos <strong data-start=\"2090\" data-end=\"2150\">no son reembolsables, no son cancelables ni modificables<\/strong>, ya que la producci\u00f3n inicia de manera inmediata.<\/p><\/li><\/ul><h5 data-start=\"2207\" data-end=\"2255\"><br \/>5. Entrega, Recolecci\u00f3n y Control de Calidad<\/h5><ul data-start=\"2256\" data-end=\"3099\"><li data-start=\"2256\" data-end=\"2366\"><p data-start=\"2258\" data-end=\"2366\">Todos los productos son <strong data-start=\"2282\" data-end=\"2311\">fotografiados previamente<\/strong> como parte del control de calidad antes de su entrega.<\/p><\/li><li data-start=\"2367\" data-end=\"2766\"><p data-start=\"2369\" data-end=\"2408\">Al momento de la entrega o recolecci\u00f3n:<\/p><ul data-start=\"2411\" data-end=\"2766\"><li data-start=\"2411\" data-end=\"2479\"><p data-start=\"2413\" data-end=\"2479\">El cliente deber\u00e1 <strong data-start=\"2431\" data-end=\"2478\">inspeccionar el producto de forma inmediata<\/strong>.<\/p><\/li><li data-start=\"2482\" data-end=\"2556\"><p data-start=\"2484\" data-end=\"2556\">Cualquier inconformidad deber\u00e1 ser <strong data-start=\"2519\" data-end=\"2555\">manifestada en ese mismo momento<\/strong>.<\/p><\/li><li data-start=\"2559\" data-end=\"2766\"><p data-start=\"2561\" data-end=\"2766\">Una vez aceptado el producto por el cliente, <strong data-start=\"2606\" data-end=\"2649\">\u00d1ami \u00d1ami Bakery no se hace responsable<\/strong> por da\u00f1os, mal manejo, derretimiento, problemas de transporte, almacenamiento inadecuado o alteraciones posteriores.<\/p><\/li><\/ul><\/li><li data-start=\"2767\" data-end=\"2987\"><p data-start=\"2769\" data-end=\"2907\">En caso de que se reporte una incidencia v\u00e1lida al momento de la entrega, <strong data-start=\"2843\" data-end=\"2869\">\u00d1ami \u00d1ami Bakery podr\u00e1<\/strong>, a su <strong data-start=\"2876\" data-end=\"2897\">entera discreci\u00f3n<\/strong>, ofrecer:<\/p><ul data-start=\"2910\" data-end=\"2987\"><li data-start=\"2910\" data-end=\"2933\"><p data-start=\"2912\" data-end=\"2933\">un reemplazo parcial,<\/p><\/li><li data-start=\"2936\" data-end=\"2961\"><p data-start=\"2938\" data-end=\"2961\">una reparaci\u00f3n menor, o<\/p><\/li><li data-start=\"2964\" data-end=\"2987\"><p data-start=\"2966\" data-end=\"2987\">un cr\u00e9dito en tienda.<\/p><\/li><\/ul><\/li><li data-start=\"2988\" data-end=\"3099\"><p data-start=\"2990\" data-end=\"3099\"><strong data-start=\"2990\" data-end=\"3057\">No se otorgan reembolsos en efectivo bajo ninguna circunstancia<\/strong> una vez aceptada la entrega del producto.<\/p><\/li><\/ul><h5 data-start=\"3106\" data-end=\"3145\"><br \/>6. Dise\u00f1os Externos o de Referencia<\/h5><ul data-start=\"3146\" data-end=\"3454\"><li data-start=\"3146\" data-end=\"3264\"><p data-start=\"3148\" data-end=\"3264\">Cualquier dise\u00f1o proporcionado por el cliente ser\u00e1 recreado <strong data-start=\"3208\" data-end=\"3263\">bajo el estilo art\u00edstico propio de \u00d1ami \u00d1ami Bakery<\/strong>.<\/p><\/li><li data-start=\"3265\" data-end=\"3336\"><p data-start=\"3267\" data-end=\"3336\"><strong data-start=\"3267\" data-end=\"3310\">No se garantiza una reproducci\u00f3n exacta<\/strong> del dise\u00f1o de referencia.<\/p><\/li><li data-start=\"3337\" data-end=\"3454\"><p data-start=\"3339\" data-end=\"3454\"><strong data-start=\"3339\" data-end=\"3386\">No se aceptar\u00e1n reembolsos ni reclamaciones<\/strong> derivadas de diferencias en la interpretaci\u00f3n art\u00edstica del dise\u00f1o.<\/p><\/li><\/ul>\t\t\t\t\t\t\t\t<\/div>\n\t\t\t\t<\/div>\n\t\t\t\t\t<\/div>\n\t\t\t\t<\/div>\n\t\t\t\t<\/div>\n\t\t","protected":false},"excerpt":{"rendered":"<p>Pol\u00edtica de Reembolsos, Devoluciones y Reprogramaciones VERSI\u00d3N LEGAL \u2013 LEY DE ESTADOS UNIDOS\u00daltima actualizaci\u00f3n: [Insertar fecha] 1. Anticipos y Requisitos de Pago Los pasteles personalizados requieren un anticipo del 70% para iniciar la producci\u00f3n. Dicho anticipo no es reembolsable, salvo que la cancelaci\u00f3n se realice dentro de las primeras 12 horas posteriores al pago. El [&hellip;]<\/p>\n","protected":false},"author":5,"featured_media":0,"parent":0,"menu_order":0,"comment_status":"closed","ping_status":"closed","template":"","meta":{"_acf_changed":false,"_monsterinsights_skip_tracking":false,"_monsterinsights_sitenote_active":false,"_monsterinsights_sitenote_note":"","_monsterinsights_sitenote_category":0,"footnotes":""},"class_list":["post-1683","page","type-page","status-publish","hentry"],"acf":[],"yoast_head":"<!-- This site is optimized with the Yoast SEO plugin v26.9 - https:\/\/yoast.com\/product\/yoast-seo-wordpress\/ -->\n<title>Pol\u00edtica de Reembolsos, Devoluciones y Reprogramaciones - \u00d1ami \u00d1ami Bakery<\/title>\n<meta name=\"robots\" content=\"noindex, nofollow\" \/>\n<meta property=\"og:locale\" content=\"en_US\" \/>\n<meta property=\"og:type\" content=\"article\" \/>\n<meta property=\"og:title\" content=\"Pol\u00edtica de Reembolsos, Devoluciones y Reprogramaciones - \u00d1ami \u00d1ami Bakery\" \/>\n<meta property=\"og:description\" content=\"Pol\u00edtica de Reembolsos, Devoluciones y Reprogramaciones VERSI\u00d3N LEGAL \u2013 LEY DE ESTADOS UNIDOS\u00daltima actualizaci\u00f3n: [Insertar fecha] 1. Anticipos y Requisitos de Pago Los pasteles personalizados requieren un anticipo del 70% para iniciar la producci\u00f3n. Dicho anticipo no es reembolsable, salvo que la cancelaci\u00f3n se realice dentro de las primeras 12 horas posteriores al pago. El [&hellip;]\" \/>\n<meta property=\"og:url\" content=\"https:\/\/naminamibakery.com\/en\/politica-de-reembolsos-devoluciones-y-reprogramaciones\/\" \/>\n<meta property=\"og:site_name\" content=\"\u00d1ami \u00d1ami Bakery\" \/>\n<meta property=\"article:modified_time\" content=\"2026-02-11T03:16:02+00:00\" \/>\n<meta name=\"twitter:card\" content=\"summary_large_image\" \/>\n<meta name=\"twitter:label1\" content=\"Est. reading time\" \/>\n\t<meta name=\"twitter:data1\" content=\"2 minutes\" \/>\n<script type=\"application\/ld+json\" class=\"yoast-schema-graph\">{\"@context\":\"https:\/\/schema.org\",\"@graph\":[{\"@type\":\"WebPage\",\"@id\":\"https:\/\/naminamibakery.com\/politica-de-reembolsos-devoluciones-y-reprogramaciones\/\",\"url\":\"https:\/\/naminamibakery.com\/politica-de-reembolsos-devoluciones-y-reprogramaciones\/\",\"name\":\"Pol\u00edtica de Reembolsos, Devoluciones y Reprogramaciones - \u00d1ami \u00d1ami Bakery\",\"isPartOf\":{\"@id\":\"https:\/\/naminamibakery.com\/#website\"},\"datePublished\":\"2025-12-15T22:11:00+00:00\",\"dateModified\":\"2026-02-11T03:16:02+00:00\",\"breadcrumb\":{\"@id\":\"https:\/\/naminamibakery.com\/politica-de-reembolsos-devoluciones-y-reprogramaciones\/#breadcrumb\"},\"inLanguage\":\"en-US\",\"potentialAction\":[{\"@type\":\"ReadAction\",\"target\":[\"https:\/\/naminamibakery.com\/politica-de-reembolsos-devoluciones-y-reprogramaciones\/\"]}]},{\"@type\":\"BreadcrumbList\",\"@id\":\"https:\/\/naminamibakery.com\/politica-de-reembolsos-devoluciones-y-reprogramaciones\/#breadcrumb\",\"itemListElement\":[{\"@type\":\"ListItem\",\"position\":1,\"name\":\"Portada\",\"item\":\"https:\/\/naminamibakery.com\/\"},{\"@type\":\"ListItem\",\"position\":2,\"name\":\"Pol\u00edtica de Reembolsos, Devoluciones y Reprogramaciones\"}]},{\"@type\":\"WebSite\",\"@id\":\"https:\/\/naminamibakery.com\/#website\",\"url\":\"https:\/\/naminamibakery.com\/\",\"name\":\"\u00d1ami \u00d1ami Bakery\",\"description\":\"\",\"publisher\":{\"@id\":\"https:\/\/naminamibakery.com\/#organization\"},\"potentialAction\":[{\"@type\":\"SearchAction\",\"target\":{\"@type\":\"EntryPoint\",\"urlTemplate\":\"https:\/\/naminamibakery.com\/?s={search_term_string}\"},\"query-input\":{\"@type\":\"PropertyValueSpecification\",\"valueRequired\":true,\"valueName\":\"search_term_string\"}}],\"inLanguage\":\"en-US\"},{\"@type\":\"Organization\",\"@id\":\"https:\/\/naminamibakery.com\/#organization\",\"name\":\"\u00d1ami \u00d1ami Bakery\",\"url\":\"https:\/\/naminamibakery.com\/\",\"logo\":{\"@type\":\"ImageObject\",\"inLanguage\":\"en-US\",\"@id\":\"https:\/\/naminamibakery.com\/#\/schema\/logo\/image\/\",\"url\":\"https:\/\/naminamibakery.com\/wp-content\/uploads\/2025\/08\/Asset-3.svg\",\"contentUrl\":\"https:\/\/naminamibakery.com\/wp-content\/uploads\/2025\/08\/Asset-3.svg\",\"width\":937,\"height\":204,\"caption\":\"\u00d1ami \u00d1ami Bakery\"},\"image\":{\"@id\":\"https:\/\/naminamibakery.com\/#\/schema\/logo\/image\/\"},\"sameAs\":[\"https:\/\/www.instagram.com\/naminami.nj\"]}]}<\/script>\n<!-- \/ Yoast SEO plugin. -->","yoast_head_json":{"title":"Pol\u00edtica de Reembolsos, Devoluciones y Reprogramaciones - \u00d1ami \u00d1ami Bakery","robots":{"index":"noindex","follow":"nofollow"},"og_locale":"en_US","og_type":"article","og_title":"Pol\u00edtica de Reembolsos, Devoluciones y Reprogramaciones - \u00d1ami \u00d1ami Bakery","og_description":"Pol\u00edtica de Reembolsos, Devoluciones y Reprogramaciones VERSI\u00d3N LEGAL \u2013 LEY DE ESTADOS UNIDOS\u00daltima actualizaci\u00f3n: [Insertar fecha] 1. Anticipos y Requisitos de Pago Los pasteles personalizados requieren un anticipo del 70% para iniciar la producci\u00f3n. Dicho anticipo no es reembolsable, salvo que la cancelaci\u00f3n se realice dentro de las primeras 12 horas posteriores al pago. El [&hellip;]","og_url":"https:\/\/naminamibakery.com\/en\/politica-de-reembolsos-devoluciones-y-reprogramaciones\/","og_site_name":"\u00d1ami \u00d1ami Bakery","article_modified_time":"2026-02-11T03:16:02+00:00","twitter_card":"summary_large_image","twitter_misc":{"Est. reading time":"2 minutes"},"schema":{"@context":"https:\/\/schema.org","@graph":[{"@type":"WebPage","@id":"https:\/\/naminamibakery.com\/politica-de-reembolsos-devoluciones-y-reprogramaciones\/","url":"https:\/\/naminamibakery.com\/politica-de-reembolsos-devoluciones-y-reprogramaciones\/","name":"Pol\u00edtica de Reembolsos, Devoluciones y Reprogramaciones - \u00d1ami \u00d1ami Bakery","isPartOf":{"@id":"https:\/\/naminamibakery.com\/#website"},"datePublished":"2025-12-15T22:11:00+00:00","dateModified":"2026-02-11T03:16:02+00:00","breadcrumb":{"@id":"https:\/\/naminamibakery.com\/politica-de-reembolsos-devoluciones-y-reprogramaciones\/#breadcrumb"},"inLanguage":"en-US","potentialAction":[{"@type":"ReadAction","target":["https:\/\/naminamibakery.com\/politica-de-reembolsos-devoluciones-y-reprogramaciones\/"]}]},{"@type":"BreadcrumbList","@id":"https:\/\/naminamibakery.com\/politica-de-reembolsos-devoluciones-y-reprogramaciones\/#breadcrumb","itemListElement":[{"@type":"ListItem","position":1,"name":"Portada","item":"https:\/\/naminamibakery.com\/"},{"@type":"ListItem","position":2,"name":"Pol\u00edtica de Reembolsos, Devoluciones y Reprogramaciones"}]},{"@type":"WebSite","@id":"https:\/\/naminamibakery.com\/#website","url":"https:\/\/naminamibakery.com\/","name":"Yummy Yummy Bakery","description":"","publisher":{"@id":"https:\/\/naminamibakery.com\/#organization"},"potentialAction":[{"@type":"SearchAction","target":{"@type":"EntryPoint","urlTemplate":"https:\/\/naminamibakery.com\/?s={search_term_string}"},"query-input":{"@type":"PropertyValueSpecification","valueRequired":true,"valueName":"search_term_string"}}],"inLanguage":"en-US"},{"@type":"Organization","@id":"https:\/\/naminamibakery.com\/#organization","name":"Yummy Yummy Bakery","url":"https:\/\/naminamibakery.com\/","logo":{"@type":"ImageObject","inLanguage":"en-US","@id":"https:\/\/naminamibakery.com\/#\/schema\/logo\/image\/","url":"https:\/\/naminamibakery.com\/wp-content\/uploads\/2025\/08\/Asset-3.svg","contentUrl":"https:\/\/naminamibakery.com\/wp-content\/uploads\/2025\/08\/Asset-3.svg","width":937,"height":204,"caption":"\u00d1ami \u00d1ami Bakery"},"image":{"@id":"https:\/\/naminamibakery.com\/#\/schema\/logo\/image\/"},"sameAs":["https:\/\/www.instagram.com\/naminami.nj"]}]}},"_links":{"self":[{"href":"https:\/\/naminamibakery.com\/en\/wp-json\/wp\/v2\/pages\/1683","targetHints":{"allow":["GET"]}}],"collection":[{"href":"https:\/\/naminamibakery.com\/en\/wp-json\/wp\/v2\/pages"}],"about":[{"href":"https:\/\/naminamibakery.com\/en\/wp-json\/wp\/v2\/types\/page"}],"author":[{"embeddable":true,"href":"https:\/\/naminamibakery.com\/en\/wp-json\/wp\/v2\/users\/5"}],"replies":[{"embeddable":true,"href":"https:\/\/naminamibakery.com\/en\/wp-json\/wp\/v2\/comments?post=1683"}],"version-history":[{"count":0,"href":"https:\/\/naminamibakery.com\/en\/wp-json\/wp\/v2\/pages\/1683\/revisions"}],"wp:attachment":[{"href":"https:\/\/naminamibakery.com\/en\/wp-json\/wp\/v2\/media?parent=1683"}],"curies":[{"name":"wp","href":"https:\/\/api.w.org\/{rel}","templated":true}]}}