{"id":1706,"date":"2025-12-15T16:31:22","date_gmt":"2025-12-15T22:31:22","guid":{"rendered":"https:\/\/naminamibakery.com\/?page_id=1706"},"modified":"2026-02-10T21:15:56","modified_gmt":"2026-02-11T03:15:56","slug":"responsabilidad-por-alergias","status":"publish","type":"page","link":"https:\/\/naminamibakery.com\/en\/responsabilidad-por-alergias\/","title":{"rendered":"Allergy Liability"},"content":{"rendered":"<div data-elementor-type=\"wp-page\" data-elementor-id=\"1706\" class=\"elementor elementor-1706\" data-elementor-post-type=\"page\">\n\t\t\t\t<div class=\"elementor-element elementor-element-fe0fda5 e-flex e-con-boxed e-con e-parent\" data-id=\"fe0fda5\" data-element_type=\"container\" data-e-type=\"container\">\n\t\t\t\t\t<div class=\"e-con-inner\">\n\t\t\t\t<div class=\"elementor-element elementor-element-7ce3999 elementor-widget elementor-widget-heading\" data-id=\"7ce3999\" data-element_type=\"widget\" data-e-type=\"widget\" data-widget_type=\"heading.default\">\n\t\t\t\t<div class=\"elementor-widget-container\">\n\t\t\t\t\t<h2 class=\"elementor-heading-title elementor-size-default\">Allergy Disclaimer Notice<\/h2>\t\t\t\t<\/div>\n\t\t\t\t<\/div>\n\t\t\t\t<div class=\"elementor-element elementor-element-9b4010c elementor-widget elementor-widget-text-editor\" data-id=\"9b4010c\" data-element_type=\"widget\" data-e-type=\"widget\" data-widget_type=\"text-editor.default\">\n\t\t\t\t<div class=\"elementor-widget-container\">\n\t\t\t\t\t\t\t\t\t<p data-start=\"355\" data-end=\"483\">By purchasing or consuming products from \u00d1ami \u00d1ami Bakery, the customer expressly acknowledges and accepts the following legal terms:<\/p><ol data-start=\"485\" data-end=\"1773\"><li data-start=\"485\" data-end=\"657\"><p data-start=\"488\" data-end=\"657\">The client is <strong data-start=\"502\" data-end=\"526\">the only one responsible<\/strong> to inform <strong data-start=\"539\" data-end=\"554\">in writing<\/strong> a \u00d1ami \u00d1ami Bakery about <strong data-start=\"580\" data-end=\"627\">any allergies or dietary restrictions<\/strong>, before placing your order.<\/p><\/li><li data-start=\"658\" data-end=\"976\"><p data-start=\"661\" data-end=\"808\">The omission in the allergy declaration exempts \u00d1ami \u00d1ami Bakery from <strong data-start=\"731\" data-end=\"755\">all responsibility<\/strong>, including but not limited to:<\/p><ul data-start=\"812\" data-end=\"976\"><li data-start=\"812\" data-end=\"835\"><p data-start=\"814\" data-end=\"835\">allergic reactions,<\/p><\/li><li data-start=\"839\" data-end=\"852\"><p data-start=\"841\" data-end=\"852\">anaphylaxis,<\/p><\/li><li data-start=\"856\" data-end=\"874\"><p data-start=\"858\" data-end=\"874\">hospitalization,<\/p><\/li><li data-start=\"878\" data-end=\"895\"><p data-start=\"880\" data-end=\"895\">medical expenses,<\/p><\/li><li data-start=\"899\" data-end=\"929\"><p data-start=\"901\" data-end=\"929\">physical or emotional damage,<\/p><\/li><li data-start=\"933\" data-end=\"976\"><p data-start=\"935\" data-end=\"976\">losses or damages of any kind.<\/p><\/li><\/ul><\/li><li data-start=\"977\" data-end=\"1197\"><p data-start=\"980\" data-end=\"1197\">All products may contain or have been in contact with allergens, including but not limited to: peanuts, tree nuts, dairy, gluten, soy, egg, wheat, coconut, sesame, food colorings or other allergens.<\/p><\/li><li data-start=\"1198\" data-end=\"1330\"><p data-start=\"1201\" data-end=\"1330\">Yummy Yummy Bakery <strong data-start=\"1218\" data-end=\"1234\">does not guarantee<\/strong> that no product is free of allergens, regardless of the declared ingredients.<\/p><\/li><li data-start=\"1331\" data-end=\"1417\"><p data-start=\"1334\" data-end=\"1417\">Despite implementing reasonable measures, <strong data-start=\"1377\" data-end=\"1416\">Cross-contamination may exist<\/strong>.<\/p><\/li><li data-start=\"1418\" data-end=\"1773\"><p data-start=\"1421\" data-end=\"1773\">By completing an order, the customer accepts <strong data-start=\"1463\" data-end=\"1512\">to bring out safely, compensate and defend<\/strong> \u00d1ami \u00d1ami Bakery, as well as its owners, employees, representatives and affiliates, against any claim arising from allergic reactions, including those caused by unknown, undeclared or subsequently developed allergies.<\/p><\/li><\/ol><p data-start=\"1775\" data-end=\"1902\">If the customer is not certain that a product is safe for consumption, they should <strong data-start=\"1860\" data-end=\"1901\">refrain from acquiring or consuming it<\/strong>.<\/p>\t\t\t\t\t\t\t\t<\/div>\n\t\t\t\t<\/div>\n\t\t\t\t\t<\/div>\n\t\t\t\t<\/div>\n\t\t\t\t<\/div>","protected":false},"excerpt":{"rendered":"<p>Aviso de Exenci\u00f3n de Responsabilidad por Alergias Al adquirir o consumir productos de \u00d1ami \u00d1ami Bakery, el cliente reconoce y acepta expresamente los siguientes t\u00e9rminos legales: El cliente es el \u00fanico responsable de informar por escrito a \u00d1ami \u00d1ami Bakery sobre cualquier alergia o restricci\u00f3n alimenticia, antes de realizar su pedido. La omisi\u00f3n en la [&hellip;]<\/p>\n","protected":false},"author":5,"featured_media":0,"parent":0,"menu_order":0,"comment_status":"closed","ping_status":"closed","template":"","meta":{"_acf_changed":false,"_monsterinsights_skip_tracking":false,"_monsterinsights_sitenote_active":false,"_monsterinsights_sitenote_note":"","_monsterinsights_sitenote_category":0,"footnotes":""},"class_list":["post-1706","page","type-page","status-publish","hentry"],"acf":[],"yoast_head":"<!-- This site is optimized with the Yoast SEO plugin v26.9 - https:\/\/yoast.com\/product\/yoast-seo-wordpress\/ -->\n<title>Responsabilidad por Alergias - \u00d1ami \u00d1ami Bakery<\/title>\n<meta name=\"robots\" content=\"noindex, nofollow\" \/>\n<meta property=\"og:locale\" content=\"en_US\" \/>\n<meta property=\"og:type\" content=\"article\" \/>\n<meta property=\"og:title\" content=\"Responsabilidad por Alergias - \u00d1ami \u00d1ami Bakery\" \/>\n<meta property=\"og:description\" content=\"Aviso de Exenci\u00f3n de Responsabilidad por Alergias Al adquirir o consumir productos de \u00d1ami \u00d1ami Bakery, el cliente reconoce y acepta expresamente los siguientes t\u00e9rminos legales: El cliente es el \u00fanico responsable de informar por escrito a \u00d1ami \u00d1ami Bakery sobre cualquier alergia o restricci\u00f3n alimenticia, antes de realizar su pedido. La omisi\u00f3n en la [&hellip;]\" \/>\n<meta property=\"og:url\" content=\"https:\/\/naminamibakery.com\/en\/responsabilidad-por-alergias\/\" \/>\n<meta property=\"og:site_name\" content=\"\u00d1ami \u00d1ami Bakery\" \/>\n<meta property=\"article:modified_time\" content=\"2026-02-11T03:15:56+00:00\" \/>\n<meta name=\"twitter:card\" content=\"summary_large_image\" \/>\n<meta name=\"twitter:label1\" content=\"Est. reading time\" \/>\n\t<meta name=\"twitter:data1\" content=\"1 minute\" \/>\n<script type=\"application\/ld+json\" class=\"yoast-schema-graph\">{\"@context\":\"https:\/\/schema.org\",\"@graph\":[{\"@type\":\"WebPage\",\"@id\":\"https:\/\/naminamibakery.com\/responsabilidad-por-alergias\/\",\"url\":\"https:\/\/naminamibakery.com\/responsabilidad-por-alergias\/\",\"name\":\"Responsabilidad por Alergias - \u00d1ami \u00d1ami Bakery\",\"isPartOf\":{\"@id\":\"https:\/\/naminamibakery.com\/#website\"},\"datePublished\":\"2025-12-15T22:31:22+00:00\",\"dateModified\":\"2026-02-11T03:15:56+00:00\",\"breadcrumb\":{\"@id\":\"https:\/\/naminamibakery.com\/responsabilidad-por-alergias\/#breadcrumb\"},\"inLanguage\":\"en-US\",\"potentialAction\":[{\"@type\":\"ReadAction\",\"target\":[\"https:\/\/naminamibakery.com\/responsabilidad-por-alergias\/\"]}]},{\"@type\":\"BreadcrumbList\",\"@id\":\"https:\/\/naminamibakery.com\/responsabilidad-por-alergias\/#breadcrumb\",\"itemListElement\":[{\"@type\":\"ListItem\",\"position\":1,\"name\":\"Portada\",\"item\":\"https:\/\/naminamibakery.com\/\"},{\"@type\":\"ListItem\",\"position\":2,\"name\":\"Responsabilidad por Alergias\"}]},{\"@type\":\"WebSite\",\"@id\":\"https:\/\/naminamibakery.com\/#website\",\"url\":\"https:\/\/naminamibakery.com\/\",\"name\":\"\u00d1ami \u00d1ami Bakery\",\"description\":\"\",\"publisher\":{\"@id\":\"https:\/\/naminamibakery.com\/#organization\"},\"potentialAction\":[{\"@type\":\"SearchAction\",\"target\":{\"@type\":\"EntryPoint\",\"urlTemplate\":\"https:\/\/naminamibakery.com\/?s={search_term_string}\"},\"query-input\":{\"@type\":\"PropertyValueSpecification\",\"valueRequired\":true,\"valueName\":\"search_term_string\"}}],\"inLanguage\":\"en-US\"},{\"@type\":\"Organization\",\"@id\":\"https:\/\/naminamibakery.com\/#organization\",\"name\":\"\u00d1ami \u00d1ami Bakery\",\"url\":\"https:\/\/naminamibakery.com\/\",\"logo\":{\"@type\":\"ImageObject\",\"inLanguage\":\"en-US\",\"@id\":\"https:\/\/naminamibakery.com\/#\/schema\/logo\/image\/\",\"url\":\"https:\/\/naminamibakery.com\/wp-content\/uploads\/2025\/08\/Asset-3.svg\",\"contentUrl\":\"https:\/\/naminamibakery.com\/wp-content\/uploads\/2025\/08\/Asset-3.svg\",\"width\":937,\"height\":204,\"caption\":\"\u00d1ami \u00d1ami Bakery\"},\"image\":{\"@id\":\"https:\/\/naminamibakery.com\/#\/schema\/logo\/image\/\"},\"sameAs\":[\"https:\/\/www.instagram.com\/naminami.nj\"]}]}<\/script>\n<!-- \/ Yoast SEO plugin. -->","yoast_head_json":{"title":"Responsabilidad por Alergias - \u00d1ami \u00d1ami Bakery","robots":{"index":"noindex","follow":"nofollow"},"og_locale":"en_US","og_type":"article","og_title":"Responsabilidad por Alergias - \u00d1ami \u00d1ami Bakery","og_description":"Aviso de Exenci\u00f3n de Responsabilidad por Alergias Al adquirir o consumir productos de \u00d1ami \u00d1ami Bakery, el cliente reconoce y acepta expresamente los siguientes t\u00e9rminos legales: El cliente es el \u00fanico responsable de informar por escrito a \u00d1ami \u00d1ami Bakery sobre cualquier alergia o restricci\u00f3n alimenticia, antes de realizar su pedido. La omisi\u00f3n en la [&hellip;]","og_url":"https:\/\/naminamibakery.com\/en\/responsabilidad-por-alergias\/","og_site_name":"\u00d1ami \u00d1ami Bakery","article_modified_time":"2026-02-11T03:15:56+00:00","twitter_card":"summary_large_image","twitter_misc":{"Est. reading time":"1 minute"},"schema":{"@context":"https:\/\/schema.org","@graph":[{"@type":"WebPage","@id":"https:\/\/naminamibakery.com\/responsabilidad-por-alergias\/","url":"https:\/\/naminamibakery.com\/responsabilidad-por-alergias\/","name":"Responsabilidad por Alergias - \u00d1ami \u00d1ami Bakery","isPartOf":{"@id":"https:\/\/naminamibakery.com\/#website"},"datePublished":"2025-12-15T22:31:22+00:00","dateModified":"2026-02-11T03:15:56+00:00","breadcrumb":{"@id":"https:\/\/naminamibakery.com\/responsabilidad-por-alergias\/#breadcrumb"},"inLanguage":"en-US","potentialAction":[{"@type":"ReadAction","target":["https:\/\/naminamibakery.com\/responsabilidad-por-alergias\/"]}]},{"@type":"BreadcrumbList","@id":"https:\/\/naminamibakery.com\/responsabilidad-por-alergias\/#breadcrumb","itemListElement":[{"@type":"ListItem","position":1,"name":"Portada","item":"https:\/\/naminamibakery.com\/"},{"@type":"ListItem","position":2,"name":"Responsabilidad por Alergias"}]},{"@type":"WebSite","@id":"https:\/\/naminamibakery.com\/#website","url":"https:\/\/naminamibakery.com\/","name":"Yummy Yummy Bakery","description":"","publisher":{"@id":"https:\/\/naminamibakery.com\/#organization"},"potentialAction":[{"@type":"SearchAction","target":{"@type":"EntryPoint","urlTemplate":"https:\/\/naminamibakery.com\/?s={search_term_string}"},"query-input":{"@type":"PropertyValueSpecification","valueRequired":true,"valueName":"search_term_string"}}],"inLanguage":"en-US"},{"@type":"Organization","@id":"https:\/\/naminamibakery.com\/#organization","name":"Yummy Yummy Bakery","url":"https:\/\/naminamibakery.com\/","logo":{"@type":"ImageObject","inLanguage":"en-US","@id":"https:\/\/naminamibakery.com\/#\/schema\/logo\/image\/","url":"https:\/\/naminamibakery.com\/wp-content\/uploads\/2025\/08\/Asset-3.svg","contentUrl":"https:\/\/naminamibakery.com\/wp-content\/uploads\/2025\/08\/Asset-3.svg","width":937,"height":204,"caption":"\u00d1ami \u00d1ami Bakery"},"image":{"@id":"https:\/\/naminamibakery.com\/#\/schema\/logo\/image\/"},"sameAs":["https:\/\/www.instagram.com\/naminami.nj"]}]}},"_links":{"self":[{"href":"https:\/\/naminamibakery.com\/en\/wp-json\/wp\/v2\/pages\/1706","targetHints":{"allow":["GET"]}}],"collection":[{"href":"https:\/\/naminamibakery.com\/en\/wp-json\/wp\/v2\/pages"}],"about":[{"href":"https:\/\/naminamibakery.com\/en\/wp-json\/wp\/v2\/types\/page"}],"author":[{"embeddable":true,"href":"https:\/\/naminamibakery.com\/en\/wp-json\/wp\/v2\/users\/5"}],"replies":[{"embeddable":true,"href":"https:\/\/naminamibakery.com\/en\/wp-json\/wp\/v2\/comments?post=1706"}],"version-history":[{"count":0,"href":"https:\/\/naminamibakery.com\/en\/wp-json\/wp\/v2\/pages\/1706\/revisions"}],"wp:attachment":[{"href":"https:\/\/naminamibakery.com\/en\/wp-json\/wp\/v2\/media?parent=1706"}],"curies":[{"name":"wp","href":"https:\/\/api.w.org\/{rel}","templated":true}]}}